{"id":435,"date":"2026-02-24T22:34:33","date_gmt":"2026-02-24T21:34:33","guid":{"rendered":"https:\/\/spitrans.hu\/?page_id=435"},"modified":"2026-02-26T22:40:26","modified_gmt":"2026-02-26T21:40:26","slug":"sajto","status":"publish","type":"page","link":"https:\/\/spitrans.hu\/de\/sajto\/","title":{"rendered":"Presse"},"content":{"rendered":"<div data-elementor-type=\"wp-page\" data-elementor-id=\"435\" class=\"elementor elementor-435\" data-elementor-post-type=\"page\">\n\t\t\t\t<div class=\"elementor-element elementor-element-a2f3a6c e-flex e-con-boxed e-con e-parent\" data-id=\"a2f3a6c\" data-element_type=\"container\" data-e-type=\"container\">\n\t\t\t\t\t<div class=\"e-con-inner\">\n\t\t<div class=\"elementor-element elementor-element-eb2e5c6 e-con-full e-flex e-con e-child\" data-id=\"eb2e5c6\" data-element_type=\"container\" data-e-type=\"container\" data-settings=\"{&quot;background_background&quot;:&quot;classic&quot;}\">\n\t\t\t\t<div class=\"elementor-element elementor-element-f2b6ac5 elementor-widget elementor-widget-heading\" data-id=\"f2b6ac5\" data-element_type=\"widget\" data-e-type=\"widget\" data-widget_type=\"heading.default\">\n\t\t\t\t<div class=\"elementor-widget-container\">\n\t\t\t\t\t<h2 class=\"elementor-heading-title elementor-size-default\">2025.11.17.<\/h2>\t\t\t\t<\/div>\n\t\t\t\t<\/div>\n\t\t\t\t<div class=\"elementor-element elementor-element-7ba980e elementor-widget elementor-widget-image\" data-id=\"7ba980e\" data-element_type=\"widget\" data-e-type=\"widget\" data-widget_type=\"image.default\">\n\t\t\t\t<div class=\"elementor-widget-container\">\n\t\t\t\t\t\t\t\t\t\t\t\t\t\t\t<img decoding=\"async\" width=\"300\" height=\"83\" src=\"https:\/\/spitrans.hu\/wp-content\/uploads\/2026\/02\/AA-nemet.jpg\" class=\"attachment-medium size-medium wp-image-461\" alt=\"AA\" srcset=\"https:\/\/spitrans.hu\/wp-content\/uploads\/2026\/02\/AA-nemet.jpg 400w, https:\/\/spitrans.hu\/wp-content\/uploads\/2026\/02\/AA-nemet-300x83.jpg 300w, https:\/\/spitrans.hu\/wp-content\/uploads\/2026\/02\/AA-nemet-18x5.jpg 18w\" sizes=\"(max-width: 300px) 100vw, 300px\" \/>\t\t\t\t\t\t\t\t\t\t\t\t\t\t\t<\/div>\n\t\t\t\t<\/div>\n\t\t\t\t<div class=\"elementor-element elementor-element-4624fa8 elementor-widget elementor-widget-text-editor\" data-id=\"4624fa8\" data-element_type=\"widget\" data-e-type=\"widget\" data-widget_type=\"text-editor.default\">\n\t\t\t\t<div class=\"elementor-widget-container\">\n\t\t\t\t\t\t\t\t\t<p>Die SPIHOLDING Magyarorsz\u00e1g Kft. berichtet mit Ehre und Stolz, dass unser Unternehmen auf Grundlage der Bewertung des internationalen\nWirtschaftsinformations- und Ratingunternehmens Dun &amp; Bradstreet zu den finanziell stabilsten Unternehmen Ungarns z\u00e4hlt.<\/p><p>Die von Dun &amp; Bradstreet angewandte Bewertungsmethodik basiert auf einem weltweit anerkannten, objektiven und unabh\u00e4ngigen Expertensystem. Sie analysiert die Bonit\u00e4t, gesch\u00e4ftliche Zuverl\u00e4ssigkeit und Stabilit\u00e4t von Unternehmen anhand mehrerer Kriterien unter Einbeziehung offizieller und finanzieller Quelldaten. Das Ratingsystem ber\u00fccksichtigt unter anderem Bilanzkennzahlen, Gewinn- und Verlustrechnungen, finanzielle Trends, demografische Merkmale sowie Daten zur Zahlungsmoral und zu etwaigen rechtlichen Verfahren.<\/p><p>Wir messen es h\u00f6chster Bedeutung bei, unsere Gesch\u00e4ftst\u00e4tigkeit im Einklang mit den Marktstandards transparent und zuverl\u00e4ssig auszu\u00fcben. \nDas von Dun &amp; Bradstreet ausgestellte Zertifikat best\u00e4tigt die Wirksamkeit unserer Bem\u00fchungen und st\u00e4rkt zugleich das Vertrauen unserer Partner, Kunden und Mitarbeitenden. Da die Auszeichnung nicht auf Antrag, sondern ausschlie\u00dflich auf Grundlage unabh\u00e4ngiger und objektiver Analysen vergeben wird, stellt sie eine echte Differenzierung auf dem ungarischen Markt dar.<\/p><p>Die Dun &amp; Bradstreet-Bewertung spiegelt nicht nur die aktuelle finanzielle Situation wider, sondern enth\u00e4lt auch eine Prognose zur zuk\u00fcnftigen Zahlungsf\u00e4higkeit des Unternehmens. Auf dieser Grundlage k\u00f6nnen wir festhalten, dass die SPIHOLDING Magyarorsz\u00e1g Kft. auch k\u00fcnftig ein stabiler, verl\u00e4sslicher und nachhaltiger Akteur auf dem ungarischen Markt f\u00fcr den Stra\u00dfentransport von Seefrachtcontainern bleiben wird.<\/p>\t\t\t\t\t\t\t\t<\/div>\n\t\t\t\t<\/div>\n\t\t\t\t<\/div>\n\t\t\t\t\t<\/div>\n\t\t\t\t<\/div>\n\t\t\t\t<\/div>","protected":false},"excerpt":{"rendered":"<p>2025.11.17. SPIHOLDING Magyarorsz\u00e1g Kft. \u2013 A p\u00e9nz\u00fcgyi stabilit\u00e1s \u00e9s \u00fczleti megb\u00edzhat\u00f3s\u00e1g elismer\u00e9se a Dun &amp; Bradstreet min\u0151s\u00edt\u00e9s\u00e9vel T\u00e1rsas\u00e1gunk, a SPIHOLDING Magyarorsz\u00e1g Kft., megtiszteltet\u00e9ssel \u00e9s b\u00fcszkes\u00e9ggel sz\u00e1mol be arr\u00f3l, hogy a Dun &amp; Bradstreet nemzetk\u00f6zi \u00fczleti inform\u00e1ci\u00f3szolg\u00e1ltat\u00f3 \u00e9s -min\u0151s\u00edt\u0151 szervezet min\u0151s\u00edt\u00e9se alapj\u00e1n a p\u00e9nz\u00fcgyileg legstabilabb magyarorsz\u00e1gi v\u00e1llalkoz\u00e1sok k\u00f6z\u00e9 ker\u00fclt. A Dun &amp; Bradstreet \u00e1ltal alkalmazott \u00e9rt\u00e9kel\u00e9si [&hellip;]<\/p>\n","protected":false},"author":2,"featured_media":0,"parent":0,"menu_order":0,"comment_status":"closed","ping_status":"closed","template":"","meta":{"_seopress_robots_primary_cat":"","_seopress_titles_title":"","_seopress_titles_desc":"","_seopress_robots_index":"","footnotes":""},"class_list":["post-435","page","type-page","status-publish","hentry"],"_links":{"self":[{"href":"https:\/\/spitrans.hu\/de\/wp-json\/wp\/v2\/pages\/435","targetHints":{"allow":["GET"]}}],"collection":[{"href":"https:\/\/spitrans.hu\/de\/wp-json\/wp\/v2\/pages"}],"about":[{"href":"https:\/\/spitrans.hu\/de\/wp-json\/wp\/v2\/types\/page"}],"author":[{"embeddable":true,"href":"https:\/\/spitrans.hu\/de\/wp-json\/wp\/v2\/users\/2"}],"replies":[{"embeddable":true,"href":"https:\/\/spitrans.hu\/de\/wp-json\/wp\/v2\/comments?post=435"}],"version-history":[{"count":22,"href":"https:\/\/spitrans.hu\/de\/wp-json\/wp\/v2\/pages\/435\/revisions"}],"predecessor-version":[{"id":536,"href":"https:\/\/spitrans.hu\/de\/wp-json\/wp\/v2\/pages\/435\/revisions\/536"}],"wp:attachment":[{"href":"https:\/\/spitrans.hu\/de\/wp-json\/wp\/v2\/media?parent=435"}],"curies":[{"name":"wp","href":"https:\/\/api.w.org\/{rel}","templated":true}]}}