{"id":9,"date":"2024-02-15T22:38:14","date_gmt":"2024-02-15T21:38:14","guid":{"rendered":"https:\/\/spitrans.hu\/?page_id=9"},"modified":"2026-03-03T23:59:53","modified_gmt":"2026-03-03T22:59:53","slug":"fooldal","status":"publish","type":"page","link":"https:\/\/spitrans.hu\/de\/","title":{"rendered":"Startseite"},"content":{"rendered":"<div data-elementor-type=\"wp-page\" data-elementor-id=\"9\" class=\"elementor elementor-9\" data-elementor-post-type=\"page\">\n\t\t\t\t<div class=\"elementor-element elementor-element-e6e0559 e-con-full e-flex e-con e-parent\" data-id=\"e6e0559\" data-element_type=\"container\" data-e-type=\"container\">\n\t\t\t\t<div class=\"elementor-element elementor-element-4cb0e19 elementor--h-position-center elementor--v-position-middle elementor-arrows-position-inside elementor-pagination-position-inside elementor-widget elementor-widget-slides\" data-id=\"4cb0e19\" data-element_type=\"widget\" data-e-type=\"widget\" data-settings=\"{&quot;autoplay_speed&quot;:3000,&quot;transition_speed&quot;:400,&quot;navigation&quot;:&quot;both&quot;,&quot;autoplay&quot;:&quot;yes&quot;,&quot;infinite&quot;:&quot;yes&quot;,&quot;transition&quot;:&quot;slide&quot;}\" data-widget_type=\"slides.default\">\n\t\t\t\t<div class=\"elementor-widget-container\">\n\t\t\t\t\t\t\t\t\t<div class=\"elementor-swiper\">\n\t\t\t\t\t<div class=\"elementor-slides-wrapper elementor-main-swiper swiper\" role=\"region\" aria-roledescription=\"carousel\" aria-label=\"Di\u00e1k\" dir=\"ltr\" data-animation=\"fadeInLeft\">\n\t\t\t\t<div class=\"swiper-wrapper elementor-slides\">\n\t\t\t\t\t\t\t\t\t\t<div class=\"elementor-repeater-item-f04c109 swiper-slide\" role=\"group\" aria-roledescription=\"slide\"><div class=\"swiper-slide-bg elementor-ken-burns elementor-ken-burns--in\" role=\"img\" aria-label=\"kontenerszallitas\"><\/div><div class=\"elementor-background-overlay\"><\/div><div class=\"swiper-slide-inner\" ><div class=\"swiper-slide-contents\"><div class=\"elementor-slide-heading\">Seefracht-Containertransport<\/div><\/div><\/div><\/div><div class=\"elementor-repeater-item-b393967 swiper-slide\" role=\"group\" aria-roledescription=\"slide\"><div class=\"swiper-slide-bg elementor-ken-burns elementor-ken-burns--in\" role=\"img\" aria-label=\"IMG_3357\"><\/div><div class=\"elementor-background-overlay\"><\/div><div class=\"swiper-slide-inner\" ><div class=\"swiper-slide-contents\"><div class=\"elementor-slide-heading\">Seefracht-Containertransport<\/div><\/div><\/div><\/div>\t\t\t\t<\/div>\n\t\t\t\t\t\t\t\t\t\t\t\t\t\t\t<div class=\"elementor-swiper-button elementor-swiper-button-prev\" role=\"button\" tabindex=\"0\" aria-label=\"Previous slide\">\n\t\t\t\t\t\t\t<svg aria-hidden=\"true\" class=\"e-font-icon-svg e-eicon-chevron-left\" viewbox=\"0 0 1000 1000\" xmlns=\"http:\/\/www.w3.org\/2000\/svg\"><path d=\"M646 125C629 125 613 133 604 142L308 442C296 454 292 471 292 487 292 504 296 521 308 533L604 854C617 867 629 875 646 875 663 875 679 871 692 858 704 846 713 829 713 812 713 796 708 779 692 767L438 487 692 225C700 217 708 204 708 187 708 171 704 154 692 142 675 129 663 125 646 125Z\"><\/path><\/svg>\t\t\t\t\t\t<\/div>\n\t\t\t\t\t\t<div class=\"elementor-swiper-button elementor-swiper-button-next\" role=\"button\" tabindex=\"0\" aria-label=\"Next slide\">\n\t\t\t\t\t\t\t<svg aria-hidden=\"true\" class=\"e-font-icon-svg e-eicon-chevron-right\" viewbox=\"0 0 1000 1000\" xmlns=\"http:\/\/www.w3.org\/2000\/svg\"><path d=\"M696 533C708 521 713 504 713 487 713 471 708 454 696 446L400 146C388 133 375 125 354 125 338 125 325 129 313 142 300 154 292 171 292 187 292 204 296 221 308 233L563 492 304 771C292 783 288 800 288 817 288 833 296 850 308 863 321 871 338 875 354 875 371 875 388 867 400 854L696 533Z\"><\/path><\/svg>\t\t\t\t\t\t<\/div>\n\t\t\t\t\t\t\t\t\t\t\t\t\t\t\t\t<div class=\"swiper-pagination\"><\/div>\n\t\t\t\t\t\t\t\t\t\t\t\t<\/div>\n\t\t\t\t<\/div>\n\t\t\t\t\t\t\t\t<\/div>\n\t\t\t\t<\/div>\n\t\t\t\t<\/div>\n\t\t<div class=\"elementor-element elementor-element-75fa91e e-flex e-con-boxed e-con e-parent\" data-id=\"75fa91e\" data-element_type=\"container\" data-e-type=\"container\" data-settings=\"{&quot;background_background&quot;:&quot;classic&quot;}\">\n\t\t\t\t\t<div class=\"e-con-inner\">\n\t\t\t\t<div class=\"elementor-element elementor-element-d53bb93 elementor-widget elementor-widget-heading\" data-id=\"d53bb93\" data-element_type=\"widget\" data-e-type=\"widget\" data-widget_type=\"heading.default\">\n\t\t\t\t<div class=\"elementor-widget-container\">\n\t\t\t\t\t<h2 class=\"elementor-heading-title elementor-size-default\">\u00dcBER UNS<\/h2>\t\t\t\t<\/div>\n\t\t\t\t<\/div>\n\t\t\t\t\t<\/div>\n\t\t\t\t<\/div>\n\t\t<div class=\"elementor-element elementor-element-09f1be3 e-flex e-con-boxed e-con e-parent\" data-id=\"09f1be3\" data-element_type=\"container\" data-e-type=\"container\">\n\t\t\t\t\t<div class=\"e-con-inner\">\n\t\t<div class=\"elementor-element elementor-element-d18abb8 e-con-full e-flex e-con e-child\" data-id=\"d18abb8\" data-element_type=\"container\" data-e-type=\"container\" data-settings=\"{&quot;background_background&quot;:&quot;classic&quot;}\">\n\t\t<div class=\"elementor-element elementor-element-ff01356 e-con-full e-grid e-con e-child\" data-id=\"ff01356\" data-element_type=\"container\" data-e-type=\"container\">\n\t\t\t\t<div class=\"elementor-element elementor-element-d8db226 elementor-widget elementor-widget-text-editor\" data-id=\"d8db226\" data-element_type=\"widget\" data-e-type=\"widget\" data-widget_type=\"text-editor.default\">\n\t\t\t\t<div class=\"elementor-widget-container\">\n\t\t\t\t\t\t\t\t\t<h3>Unternehmenshintergrund<\/h3><p class=\"translation-block\">Die SPIHOLDING Hungary Ltd. wurde 1992 gegr\u00fcndet und hat sich in den vergangenen Jahrzehnten kontinuierlich und nachhaltig weiterentwickelt.<br><br>\nUnser operativer Standort befindet sich in strategisch g\u00fcnstiger Lage in der N\u00e4he des s\u00fcdlichen Abschnitts des Autobahnrings M0 und gew\u00e4hrleistet einen schnellen Zugang zu den wichtigsten Containerlogistik-Hubs Ungarns.<\/p><p>SPItrans, die erste eigenst\u00e4ndige Gesch\u00e4ftsdivision der SPIHOLDING Hungary Ltd., ist ausschlie\u00dflich auf den nationalen Transport von Seefrachtcontainern spezialisiert und erweitert ihren Fuhrpark Jahr f\u00fcr Jahr kontinuierlich.<\/p>\t\t\t\t\t\t\t\t<\/div>\n\t\t\t\t<\/div>\n\t\t\t\t<div class=\"elementor-element elementor-element-6fc5d24 elementor-widget__width-inherit elementor-widget elementor-widget-image\" data-id=\"6fc5d24\" data-element_type=\"widget\" data-e-type=\"widget\" id=\"rolunk\" data-widget_type=\"image.default\">\n\t\t\t\t<div class=\"elementor-widget-container\">\n\t\t\t\t\t\t\t\t\t\t\t\t\t\t\t<img alt=\"\" fetchpriority=\"high\" decoding=\"async\" width=\"800\" height=\"600\" src=\"https:\/\/spitrans.hu\/wp-content\/uploads\/2026\/02\/evergreen.jpg\" class=\"attachment-large size-large wp-image-389\" srcset=\"https:\/\/spitrans.hu\/wp-content\/uploads\/2026\/02\/evergreen.jpg 800w, https:\/\/spitrans.hu\/wp-content\/uploads\/2026\/02\/evergreen-300x225.jpg 300w, https:\/\/spitrans.hu\/wp-content\/uploads\/2026\/02\/evergreen-768x576.jpg 768w, https:\/\/spitrans.hu\/wp-content\/uploads\/2026\/02\/evergreen-16x12.jpg 16w\" sizes=\"(max-width: 800px) 100vw, 800px\" \/>\t\t\t\t\t\t\t\t\t\t\t\t\t\t\t<\/div>\n\t\t\t\t<\/div>\n\t\t\t\t<\/div>\n\t\t\t\t<\/div>\n\t\t\t\t\t<\/div>\n\t\t\t\t<\/div>\n\t\t<div class=\"elementor-element elementor-element-7656fc5 e-flex e-con-boxed e-con e-parent\" data-id=\"7656fc5\" data-element_type=\"container\" data-e-type=\"container\">\n\t\t\t\t\t<div class=\"e-con-inner\">\n\t\t<div class=\"elementor-element elementor-element-8cfab63 e-con-full e-flex e-con e-child\" data-id=\"8cfab63\" data-element_type=\"container\" data-e-type=\"container\" data-settings=\"{&quot;background_background&quot;:&quot;classic&quot;}\">\n\t\t<div class=\"elementor-element elementor-element-1866420 e-con-full e-grid e-con e-child\" data-id=\"1866420\" data-element_type=\"container\" data-e-type=\"container\">\n\t\t\t\t<div class=\"elementor-element elementor-element-b045b05 elementor-widget elementor-widget-image\" data-id=\"b045b05\" data-element_type=\"widget\" data-e-type=\"widget\" data-widget_type=\"image.default\">\n\t\t\t\t<div class=\"elementor-widget-container\">\n\t\t\t\t\t\t\t\t\t\t\t\t\t\t\t<img alt=\"\" decoding=\"async\" width=\"800\" height=\"600\" src=\"https:\/\/spitrans.hu\/wp-content\/uploads\/2026\/02\/hapag-lloyd.jpg\" class=\"attachment-large size-large wp-image-390\" srcset=\"https:\/\/spitrans.hu\/wp-content\/uploads\/2026\/02\/hapag-lloyd.jpg 800w, https:\/\/spitrans.hu\/wp-content\/uploads\/2026\/02\/hapag-lloyd-300x225.jpg 300w, https:\/\/spitrans.hu\/wp-content\/uploads\/2026\/02\/hapag-lloyd-768x576.jpg 768w, https:\/\/spitrans.hu\/wp-content\/uploads\/2026\/02\/hapag-lloyd-16x12.jpg 16w\" sizes=\"(max-width: 800px) 100vw, 800px\" \/>\t\t\t\t\t\t\t\t\t\t\t\t\t\t\t<\/div>\n\t\t\t\t<\/div>\n\t\t\t\t<div class=\"elementor-element elementor-element-7291ae0 elementor-widget elementor-widget-text-editor\" data-id=\"7291ae0\" data-element_type=\"widget\" data-e-type=\"widget\" data-widget_type=\"text-editor.default\">\n\t\t\t\t<div class=\"elementor-widget-container\">\n\t\t\t\t\t\t\t\t\t<h3>Kernaktivit\u00e4ten<\/h3><p class=\"translation-block\">\u2022 Nationaler Transport von 20\u2019 \/ 40\u2019 \/ 40\u2019 HC Seefrachtcontainern \u2022 Transport von \u00dcbergewicht-Containern \u2022 Spot-Transporte sowie dedizierte Transporteins\u00e4tze \u2022 T\u00e4gliche operative Pr\u00e4senz an den wichtigsten ungarischen<\/p><p class=\"translation-block\">Containerterminals:<br>\n\u2022 BILK Intermodal Terminal<br>\n\u2022 METRANS Container Terminal<br>\n\u2022 Mahart Container Center<\/p><p>Unsere umfassende Terminalexpertise erm\u00f6glicht eine reibungslose Koordination, effiziente Umschlagszeiten und eine zuverl\u00e4ssige Leistungserbringung.<\/p>\t\t\t\t\t\t\t\t<\/div>\n\t\t\t\t<\/div>\n\t\t\t\t<\/div>\n\t\t\t\t<\/div>\n\t\t\t\t\t<\/div>\n\t\t\t\t<\/div>\n\t\t<div class=\"elementor-element elementor-element-c5b18e7 e-flex e-con-boxed e-con e-parent\" data-id=\"c5b18e7\" data-element_type=\"container\" data-e-type=\"container\">\n\t\t\t\t\t<div class=\"e-con-inner\">\n\t\t<div class=\"elementor-element elementor-element-86df090 e-con-full e-flex e-con e-child\" data-id=\"86df090\" data-element_type=\"container\" data-e-type=\"container\" data-settings=\"{&quot;background_background&quot;:&quot;classic&quot;}\">\n\t\t<div class=\"elementor-element elementor-element-65c6564 e-con-full e-grid e-con e-child\" data-id=\"65c6564\" data-element_type=\"container\" data-e-type=\"container\">\n\t\t\t\t<div class=\"elementor-element elementor-element-012ed5b elementor-widget elementor-widget-text-editor\" data-id=\"012ed5b\" data-element_type=\"widget\" data-e-type=\"widget\" data-widget_type=\"text-editor.default\">\n\t\t\t\t<div class=\"elementor-widget-container\">\n\t\t\t\t\t\t\t\t\t<h3>Betriebsmodell<\/h3><p class=\"translation-block\">T\u00e1rsas\u00e1gunk m\u0171k\u00f6d\u00e9s\u00e9t kifejezetten a belf\u00f6ldi k\u00f6z\u00fati kont\u00e9nerfuvaroz\u00e1si feladatok hat\u00e9kony \u00e9s rugalmas ell\u00e1t\u00e1s\u00e1ra optimaliz\u00e1lta.<br>Saj\u00e1t kapacit\u00e1saink mellett megb\u00edzhat\u00f3 alv\u00e1llalkoz\u00f3i partnerekkel is egy\u00fcttm\u0171k\u00f6d\u00fcnk, amely biztos\u00edtja a megn\u00f6vekedett ig\u00e9nyek gyors kezel\u00e9s\u00e9t, mik\u00f6zben a szolg\u00e1ltat\u00e1s min\u0151s\u00e9ge v\u00e1ltozatlanul magas szinten marad.<\/p>\t\t\t\t\t\t\t\t<\/div>\n\t\t\t\t<\/div>\n\t\t\t\t<div class=\"elementor-element elementor-element-1fc231e elementor-widget elementor-widget-image\" data-id=\"1fc231e\" data-element_type=\"widget\" data-e-type=\"widget\" data-widget_type=\"image.default\">\n\t\t\t\t<div class=\"elementor-widget-container\">\n\t\t\t\t\t\t\t\t\t\t\t\t\t\t\t<img alt=\"\" decoding=\"async\" width=\"800\" height=\"600\" src=\"https:\/\/spitrans.hu\/wp-content\/uploads\/2026\/02\/maersk.jpg\" class=\"attachment-large size-large wp-image-391\" srcset=\"https:\/\/spitrans.hu\/wp-content\/uploads\/2026\/02\/maersk.jpg 800w, https:\/\/spitrans.hu\/wp-content\/uploads\/2026\/02\/maersk-300x225.jpg 300w, https:\/\/spitrans.hu\/wp-content\/uploads\/2026\/02\/maersk-768x576.jpg 768w, https:\/\/spitrans.hu\/wp-content\/uploads\/2026\/02\/maersk-16x12.jpg 16w\" sizes=\"(max-width: 800px) 100vw, 800px\" \/>\t\t\t\t\t\t\t\t\t\t\t\t\t\t\t<\/div>\n\t\t\t\t<\/div>\n\t\t\t\t<\/div>\n\t\t\t\t<\/div>\n\t\t\t\t\t<\/div>\n\t\t\t\t<\/div>\n\t\t<div class=\"elementor-element elementor-element-68891ab e-flex e-con-boxed e-con e-parent\" data-id=\"68891ab\" data-element_type=\"container\" data-e-type=\"container\">\n\t\t\t\t\t<div class=\"e-con-inner\">\n\t\t<div class=\"elementor-element elementor-element-38c5736 e-con-full e-flex e-con e-child\" data-id=\"38c5736\" data-element_type=\"container\" data-e-type=\"container\" data-settings=\"{&quot;background_background&quot;:&quot;classic&quot;}\">\n\t\t<div class=\"elementor-element elementor-element-d3367df e-con-full e-grid e-con e-child\" data-id=\"d3367df\" data-element_type=\"container\" data-e-type=\"container\">\n\t\t\t\t<div class=\"elementor-element elementor-element-bf4b799 elementor-widget elementor-widget-image\" data-id=\"bf4b799\" data-element_type=\"widget\" data-e-type=\"widget\" data-widget_type=\"image.default\">\n\t\t\t\t<div class=\"elementor-widget-container\">\n\t\t\t\t\t\t\t\t\t\t\t\t\t\t\t<img alt=\"\" loading=\"lazy\" decoding=\"async\" width=\"800\" height=\"600\" src=\"https:\/\/spitrans.hu\/wp-content\/uploads\/2026\/03\/kami.jpg\" class=\"attachment-large size-large wp-image-563\" srcset=\"https:\/\/spitrans.hu\/wp-content\/uploads\/2026\/03\/kami.jpg 800w, https:\/\/spitrans.hu\/wp-content\/uploads\/2026\/03\/kami-300x225.jpg 300w, https:\/\/spitrans.hu\/wp-content\/uploads\/2026\/03\/kami-768x576.jpg 768w, https:\/\/spitrans.hu\/wp-content\/uploads\/2026\/03\/kami-16x12.jpg 16w\" sizes=\"(max-width: 800px) 100vw, 800px\" \/>\t\t\t\t\t\t\t\t\t\t\t\t\t\t\t<\/div>\n\t\t\t\t<\/div>\n\t\t\t\t<div class=\"elementor-element elementor-element-1c29df3 elementor-widget elementor-widget-text-editor\" data-id=\"1c29df3\" data-element_type=\"widget\" data-e-type=\"widget\" data-widget_type=\"text-editor.default\">\n\t\t\t\t<div class=\"elementor-widget-container\">\n\t\t\t\t\t\t\t\t\t<h2 class=\"elementor-heading-title elementor-size-default elementor-inline-editing pen\" contenteditable=\"true\" data-elementor-setting-key=\"title\" data-pen-placeholder=\"Ide \u00edrj...\">Fuhrpark &amp; Technologie<br \/><br \/><\/h2><p class=\"translation-block\">\u2022 Moderne MAN TGX Sattelzugmaschinen mit EURO-6-Norm<br>\n\u2022 Containerchassis von KRONE und SCHMITZ<br>\n\u2022 GPS-basiertes Telematik- und Trackingsystem<br>\n\u2022 Strikte Einhaltung der vom Hersteller vorgeschriebenen Wartungsintervalle<br>\n\u2022 Nachhaltigkeitsorientierte Weiterentwicklung des Fuhrparks<br><br>\n\nWir verpflichten uns zur kontinuierlichen Reduzierung unseres \n\u00f6kologischen Fu\u00dfabdrucks sowie zur Optimierung von Kraftstoffeffizienz \nund Emissionswerten.<\/p>\t\t\t\t\t\t\t\t<\/div>\n\t\t\t\t<\/div>\n\t\t\t\t<\/div>\n\t\t\t\t<\/div>\n\t\t\t\t\t<\/div>\n\t\t\t\t<\/div>\n\t\t<div class=\"elementor-element elementor-element-0157b9d e-flex e-con-boxed e-con e-parent\" data-id=\"0157b9d\" data-element_type=\"container\" data-e-type=\"container\">\n\t\t\t\t\t<div class=\"e-con-inner\">\n\t\t<div class=\"elementor-element elementor-element-2dc6b8c e-con-full e-flex e-con e-child\" data-id=\"2dc6b8c\" data-element_type=\"container\" data-e-type=\"container\" data-settings=\"{&quot;background_background&quot;:&quot;classic&quot;}\">\n\t\t<div class=\"elementor-element elementor-element-6c786e7 e-con-full e-grid e-con e-child\" data-id=\"6c786e7\" data-element_type=\"container\" data-e-type=\"container\">\n\t\t\t\t<div class=\"elementor-element elementor-element-31fbbdf elementor-widget elementor-widget-text-editor\" data-id=\"31fbbdf\" data-element_type=\"widget\" data-e-type=\"widget\" data-widget_type=\"text-editor.default\">\n\t\t\t\t<div class=\"elementor-widget-container\">\n\t\t\t\t\t\t\t\t\t<h2 class=\"elementor-heading-title elementor-size-default elementor-inline-editing pen\" contenteditable=\"true\" data-elementor-setting-key=\"title\" data-pen-placeholder=\"Ide \u00edrj...\">Compliance &amp; Versicherung<br \/><br \/><\/h2><p>SPItrans operiert in voller \u00dcbereinstimmung mit den geltenden ungarischen und EU-Vorschriften.<span style=\"font-size: 1rem;\"><br \/><\/span><\/p><p><span style=\"font-size: 1rem;\">Wir verf\u00fcgen \u00fcber:<\/span><\/p><p class=\"translation-block\">\u2022 Frachtf\u00fchrer-Garantieversicherung (K\u00c1F)<br> \u2022 Nationale Frachtf\u00fchrerhaftpflichtversicherung (B\u00c1F)<br> \u2022 Internationale Frachtf\u00fchrerhaftpflichtversicherung (CMR)<br> \u2022 Versicherungssumme: EUR 200.000 je Schadensfall \/ EUR 400.000 Jahresaggregat<\/p><p>Der Schutz der wirtschaftlichen Interessen unserer Partner, vertraulicher Informationen sowie der unternehmerischen Reputation hat f\u00fcr uns h\u00f6chste Priorit\u00e4t.<\/p>\t\t\t\t\t\t\t\t<\/div>\n\t\t\t\t<\/div>\n\t\t\t\t<div class=\"elementor-element elementor-element-9d6692b elementor-widget elementor-widget-image\" data-id=\"9d6692b\" data-element_type=\"widget\" data-e-type=\"widget\" data-widget_type=\"image.default\">\n\t\t\t\t<div class=\"elementor-widget-container\">\n\t\t\t\t\t\t\t\t\t\t\t\t\t\t\t<img alt=\"\" loading=\"lazy\" decoding=\"async\" width=\"800\" height=\"600\" src=\"https:\/\/spitrans.hu\/wp-content\/uploads\/2026\/02\/msc.jpg\" class=\"attachment-large size-large wp-image-392\" srcset=\"https:\/\/spitrans.hu\/wp-content\/uploads\/2026\/02\/msc.jpg 800w, https:\/\/spitrans.hu\/wp-content\/uploads\/2026\/02\/msc-300x225.jpg 300w, https:\/\/spitrans.hu\/wp-content\/uploads\/2026\/02\/msc-768x576.jpg 768w, https:\/\/spitrans.hu\/wp-content\/uploads\/2026\/02\/msc-16x12.jpg 16w\" sizes=\"(max-width: 800px) 100vw, 800px\" \/>\t\t\t\t\t\t\t\t\t\t\t\t\t\t\t<\/div>\n\t\t\t\t<\/div>\n\t\t\t\t<\/div>\n\t\t\t\t<\/div>\n\t\t\t\t\t<\/div>\n\t\t\t\t<\/div>\n\t\t<div class=\"elementor-element elementor-element-f1b44da e-flex e-con-boxed e-con e-parent\" data-id=\"f1b44da\" data-element_type=\"container\" data-e-type=\"container\">\n\t\t\t\t\t<div class=\"e-con-inner\">\n\t\t<div class=\"elementor-element elementor-element-a41836b e-con-full e-flex e-con e-child\" data-id=\"a41836b\" data-element_type=\"container\" data-e-type=\"container\" data-settings=\"{&quot;background_background&quot;:&quot;classic&quot;}\">\n\t\t<div class=\"elementor-element elementor-element-ad79ee0 e-con-full e-grid e-con e-child\" data-id=\"ad79ee0\" data-element_type=\"container\" data-e-type=\"container\">\n\t\t\t\t<div class=\"elementor-element elementor-element-016eaa5 elementor-widget elementor-widget-image\" data-id=\"016eaa5\" data-element_type=\"widget\" data-e-type=\"widget\" data-widget_type=\"image.default\">\n\t\t\t\t<div class=\"elementor-widget-container\">\n\t\t\t\t\t\t\t\t\t\t\t\t\t\t\t<img alt=\"\" loading=\"lazy\" decoding=\"async\" width=\"800\" height=\"600\" src=\"https:\/\/spitrans.hu\/wp-content\/uploads\/2026\/02\/one.jpg\" class=\"attachment-large size-large wp-image-393\" srcset=\"https:\/\/spitrans.hu\/wp-content\/uploads\/2026\/02\/one.jpg 800w, https:\/\/spitrans.hu\/wp-content\/uploads\/2026\/02\/one-300x225.jpg 300w, https:\/\/spitrans.hu\/wp-content\/uploads\/2026\/02\/one-768x576.jpg 768w, https:\/\/spitrans.hu\/wp-content\/uploads\/2026\/02\/one-16x12.jpg 16w\" sizes=\"(max-width: 800px) 100vw, 800px\" \/>\t\t\t\t\t\t\t\t\t\t\t\t\t\t\t<\/div>\n\t\t\t\t<\/div>\n\t\t\t\t<div class=\"elementor-element elementor-element-57843cb elementor-widget elementor-widget-text-editor\" data-id=\"57843cb\" data-element_type=\"widget\" data-e-type=\"widget\" data-widget_type=\"text-editor.default\">\n\t\t\t\t<div class=\"elementor-widget-container\">\n\t\t\t\t\t\t\t\t\t<h2 class=\"elementor-heading-title elementor-size-default elementor-inline-editing pen\" contenteditable=\"true\" data-elementor-setting-key=\"title\" data-pen-placeholder=\"Ide \u00edrj...\">Unsere Grunds\u00e4tze<br \/><br \/><\/h2><p class=\"translation-block\">\u2022 P\u00fcnktlichkeit<br>\n\u2022 Operative Transparenz<br>\n\u2022 Schnelle und effiziente Kommunikation<br>\n\u2022 Langfristige Partnerschaftsorientierung<\/p><p>Wir sind \u00fcberzeugt, dass unsere Erfahrung und operative Flexibilit\u00e4t einen messbaren Mehrwert f\u00fcr Ihre Inlandslogistikaktivit\u00e4ten in Ungarn schaffen k\u00f6nnen.<\/p><p>Gerne stehen wir Ihnen f\u00fcr ein Gespr\u00e4ch \u00fcber m\u00f6gliche Kooperationsm\u00f6glichkeiten zur Verf\u00fcgung.<\/p>\t\t\t\t\t\t\t\t<\/div>\n\t\t\t\t<\/div>\n\t\t\t\t<\/div>\n\t\t\t\t<\/div>\n\t\t\t\t\t<\/div>\n\t\t\t\t<\/div>\n\t\t\t\t<\/div>","protected":false},"excerpt":{"rendered":"<p>Tengeri kont\u00e9ner sz\u00e1ll\u00edt\u00e1sTengeri kont\u00e9ner sz\u00e1ll\u00edt\u00e1s R\u00d3LUNK V\u00e1llalati h\u00e1tt\u00e9r T\u00e1rsas\u00e1gunk 1992-ben alakult, \u00e9s az\u00f3ta t\u00f6retlen lend\u00fclettel fejl\u0151dik.Kiindul\u00e1si pontunk az M0 d\u00e9li k\u00f6rgy\u0171r\u0171 vonz\u00e1sk\u00f6rzet\u00e9ben tal\u00e1lhat\u00f3, amely strat\u00e9giai elhelyezked\u00e9st biztos\u00edt a hazai kont\u00e9nerlogisztikai k\u00f6zpontok gyors el\u00e9r\u00e9s\u00e9hez. A SPIHOLDING Magyarorsz\u00e1g Kft. els\u0151 \u00f6n\u00e1ll\u00f3 \u00fczlet\u00e1ga a SPItrans, amely megalakul\u00e1sa \u00f3ta folyamatos fejleszt\u00e9sen megy kereszt\u00fcl, ennek r\u00e9szek\u00e9nt \u00e9vr\u0151l \u00e9vre \u00faj j\u00e1rm\u0171beszerz\u00e9seket [&hellip;]<\/p>\n","protected":false},"author":2,"featured_media":261,"parent":0,"menu_order":0,"comment_status":"closed","ping_status":"closed","template":"","meta":{"_seopress_robots_primary_cat":"","_seopress_titles_title":"Tengeri kont\u00e9ner sz\u00e1ll\u00edt\u00e1s - sz\u00e1ll\u00edtm\u00e1nyoz\u00e1s","_seopress_titles_desc":"tengeri kont\u00e9nersz\u00e1ll\u00edt\u00e1s, b\u00e9rvontat\u00e1s fuvaroz\u00e1s, h\u0171t\u00f6tt \u00e1ru sz\u00e1ll\u00edt\u00e1s, kiscsomag sz\u00e1ll\u00edt\u00e1s, g\u00e9pi f\u00f6ldmunka, g\u00e9psz\u00e1ll\u00edt\u00e1s, \u00e1rusz\u00e1ll\u00edt\u00e1s","_seopress_robots_index":"","footnotes":""},"class_list":["post-9","page","type-page","status-publish","has-post-thumbnail","hentry"],"_links":{"self":[{"href":"https:\/\/spitrans.hu\/de\/wp-json\/wp\/v2\/pages\/9","targetHints":{"allow":["GET"]}}],"collection":[{"href":"https:\/\/spitrans.hu\/de\/wp-json\/wp\/v2\/pages"}],"about":[{"href":"https:\/\/spitrans.hu\/de\/wp-json\/wp\/v2\/types\/page"}],"author":[{"embeddable":true,"href":"https:\/\/spitrans.hu\/de\/wp-json\/wp\/v2\/users\/2"}],"replies":[{"embeddable":true,"href":"https:\/\/spitrans.hu\/de\/wp-json\/wp\/v2\/comments?post=9"}],"version-history":[{"count":361,"href":"https:\/\/spitrans.hu\/de\/wp-json\/wp\/v2\/pages\/9\/revisions"}],"predecessor-version":[{"id":569,"href":"https:\/\/spitrans.hu\/de\/wp-json\/wp\/v2\/pages\/9\/revisions\/569"}],"wp:featuredmedia":[{"embeddable":true,"href":"https:\/\/spitrans.hu\/de\/wp-json\/wp\/v2\/media\/261"}],"wp:attachment":[{"href":"https:\/\/spitrans.hu\/de\/wp-json\/wp\/v2\/media?parent=9"}],"curies":[{"name":"wp","href":"https:\/\/api.w.org\/{rel}","templated":true}]}}