{"id":435,"date":"2026-02-24T22:34:33","date_gmt":"2026-02-24T21:34:33","guid":{"rendered":"https:\/\/spitrans.hu\/?page_id=435"},"modified":"2026-02-26T22:40:26","modified_gmt":"2026-02-26T21:40:26","slug":"sajto","status":"publish","type":"page","link":"https:\/\/spitrans.hu\/en\/sajto\/","title":{"rendered":"Press"},"content":{"rendered":"<div data-elementor-type=\"wp-page\" data-elementor-id=\"435\" class=\"elementor elementor-435\" data-elementor-post-type=\"page\">\n\t\t\t\t<div class=\"elementor-element elementor-element-a2f3a6c e-flex e-con-boxed e-con e-parent\" data-id=\"a2f3a6c\" data-element_type=\"container\" data-e-type=\"container\">\n\t\t\t\t\t<div class=\"e-con-inner\">\n\t\t<div class=\"elementor-element elementor-element-eb2e5c6 e-con-full e-flex e-con e-child\" data-id=\"eb2e5c6\" data-element_type=\"container\" data-e-type=\"container\" data-settings=\"{&quot;background_background&quot;:&quot;classic&quot;}\">\n\t\t\t\t<div class=\"elementor-element elementor-element-f2b6ac5 elementor-widget elementor-widget-heading\" data-id=\"f2b6ac5\" data-element_type=\"widget\" data-e-type=\"widget\" data-widget_type=\"heading.default\">\n\t\t\t\t<div class=\"elementor-widget-container\">\n\t\t\t\t\t<h2 class=\"elementor-heading-title elementor-size-default\">2025.11.17.<\/h2>\t\t\t\t<\/div>\n\t\t\t\t<\/div>\n\t\t\t\t<div class=\"elementor-element elementor-element-7ba980e elementor-widget elementor-widget-image\" data-id=\"7ba980e\" data-element_type=\"widget\" data-e-type=\"widget\" data-widget_type=\"image.default\">\n\t\t\t\t<div class=\"elementor-widget-container\">\n\t\t\t\t\t\t\t\t\t\t\t\t\t\t\t<img decoding=\"async\" width=\"300\" height=\"83\" src=\"https:\/\/spitrans.hu\/wp-content\/uploads\/2026\/02\/AA-angol.jpg\" class=\"attachment-medium size-medium wp-image-461\" alt=\"AA\" srcset=\"https:\/\/spitrans.hu\/wp-content\/uploads\/2026\/02\/AA-angol.jpg 400w, https:\/\/spitrans.hu\/wp-content\/uploads\/2026\/02\/AA-angol-300x83.jpg 300w, https:\/\/spitrans.hu\/wp-content\/uploads\/2026\/02\/AA-angol-18x5.jpg 18w\" sizes=\"(max-width: 300px) 100vw, 300px\" \/>\t\t\t\t\t\t\t\t\t\t\t\t\t\t\t<\/div>\n\t\t\t\t<\/div>\n\t\t\t\t<div class=\"elementor-element elementor-element-4624fa8 elementor-widget elementor-widget-text-editor\" data-id=\"4624fa8\" data-element_type=\"widget\" data-e-type=\"widget\" data-widget_type=\"text-editor.default\">\n\t\t\t\t<div class=\"elementor-widget-container\">\n\t\t\t\t\t\t\t\t\t<p>SPIHOLDING Magyarorsz\u00e1g Kft. is honored and proud to announce that, based on the rating issued by Dun &amp; Bradstreet, the international provider of business information and credit ratings, our company has been recognized as one of the most financially stable enterprises in Hungary.<\/p><p>The evaluation methodology applied by Dun &amp; Bradstreet is built on a globally acknowledged, objective, and independent expert system. It assesses companies\u2019 creditworthiness, business reliability, and financial stability based on multiple criteria, incorporating official and financial source data. The rating system takes into account, among other factors, the company\u2019s balance sheet data, profit and loss statements, financial trends, demographic characteristics, as well as information related to payment discipline and any legal proceedings.<\/p><p>We consider it of paramount importance to conduct our operations in accordance with market standards, in a transparent and reliable manner. \nThe certificate issued by Dun &amp; Bradstreet confirms the success of our efforts and further strengthens the trust of our partners, clients, and employees. As the certification is not granted on the basis of an application, but solely as a result of independent and objective analysis, this recognition represents a genuine distinction in the Hungarian market.<\/p><p>The Dun &amp; Bradstreet rating not only reflects the company\u2019s current financial position but also provides a forecast regarding its future creditworthiness. Based on this assessment, we can confidently state that SPIHOLDING Magyarorsz\u00e1g Kft. will continue to remain a stable, reliable, and sustainable participant in the Hungarian road container transport market in the years ahead.<\/p>\t\t\t\t\t\t\t\t<\/div>\n\t\t\t\t<\/div>\n\t\t\t\t<\/div>\n\t\t\t\t\t<\/div>\n\t\t\t\t<\/div>\n\t\t\t\t<\/div>","protected":false},"excerpt":{"rendered":"<p>2025.11.17. SPIHOLDING Magyarorsz\u00e1g Kft. \u2013 A p\u00e9nz\u00fcgyi stabilit\u00e1s \u00e9s \u00fczleti megb\u00edzhat\u00f3s\u00e1g elismer\u00e9se a Dun &amp; Bradstreet min\u0151s\u00edt\u00e9s\u00e9vel T\u00e1rsas\u00e1gunk, a SPIHOLDING Magyarorsz\u00e1g Kft., megtiszteltet\u00e9ssel \u00e9s b\u00fcszkes\u00e9ggel sz\u00e1mol be arr\u00f3l, hogy a Dun &amp; Bradstreet nemzetk\u00f6zi \u00fczleti inform\u00e1ci\u00f3szolg\u00e1ltat\u00f3 \u00e9s -min\u0151s\u00edt\u0151 szervezet min\u0151s\u00edt\u00e9se alapj\u00e1n a p\u00e9nz\u00fcgyileg legstabilabb magyarorsz\u00e1gi v\u00e1llalkoz\u00e1sok k\u00f6z\u00e9 ker\u00fclt. A Dun &amp; Bradstreet \u00e1ltal alkalmazott \u00e9rt\u00e9kel\u00e9si [&hellip;]<\/p>\n","protected":false},"author":2,"featured_media":0,"parent":0,"menu_order":0,"comment_status":"closed","ping_status":"closed","template":"","meta":{"_seopress_robots_primary_cat":"","_seopress_titles_title":"","_seopress_titles_desc":"","_seopress_robots_index":"","footnotes":""},"class_list":["post-435","page","type-page","status-publish","hentry"],"_links":{"self":[{"href":"https:\/\/spitrans.hu\/en\/wp-json\/wp\/v2\/pages\/435","targetHints":{"allow":["GET"]}}],"collection":[{"href":"https:\/\/spitrans.hu\/en\/wp-json\/wp\/v2\/pages"}],"about":[{"href":"https:\/\/spitrans.hu\/en\/wp-json\/wp\/v2\/types\/page"}],"author":[{"embeddable":true,"href":"https:\/\/spitrans.hu\/en\/wp-json\/wp\/v2\/users\/2"}],"replies":[{"embeddable":true,"href":"https:\/\/spitrans.hu\/en\/wp-json\/wp\/v2\/comments?post=435"}],"version-history":[{"count":22,"href":"https:\/\/spitrans.hu\/en\/wp-json\/wp\/v2\/pages\/435\/revisions"}],"predecessor-version":[{"id":536,"href":"https:\/\/spitrans.hu\/en\/wp-json\/wp\/v2\/pages\/435\/revisions\/536"}],"wp:attachment":[{"href":"https:\/\/spitrans.hu\/en\/wp-json\/wp\/v2\/media?parent=435"}],"curies":[{"name":"wp","href":"https:\/\/api.w.org\/{rel}","templated":true}]}}